{"id":294,"date":"2020-10-08T20:55:04","date_gmt":"2020-10-08T18:55:04","guid":{"rendered":"https:\/\/www.gulug.de\/?page_id=294"},"modified":"2022-12-25T02:57:14","modified_gmt":"2022-12-25T00:57:14","slug":"projekte","status":"publish","type":"page","link":"https:\/\/www.gulug.de\/?page_id=294","title":{"rendered":"Projekte"},"content":{"rendered":"\n<p>Folgende Projekte sind geplant:<\/p>\n\n\n\n<ul class=\"wp-block-list\">\n<li>Logo f\u00fcr T-Shirt entwickeln mit Open Source Programmen (z.B Gimp, Scribus usw.)<\/li>\n\n\n\n<li>Website wieder mit &#8220;Leben&#8221; f\u00fcllen, dazu geh\u00f6ren alte erledigte Projekte      <strong><em>(In Arbeit &#8212; erledigt 52%)<\/em><\/strong><\/li>\n\n\n\n<li>Maillingliste updaten \/oder neue einrichten!        <strong><em> Mail 4.0<\/em><\/strong><\/li>\n\n\n\n<li>IT-Unterst\u00fctzung f\u00fcr das CHM 2023 mit unterst\u00fctzen und planen (2022 war top)<\/li>\n\n\n\n<li>Server einrichten und updaten &#8212; hier versuchen wir mal Yunohost!<\/li>\n\n\n\n<li>Handysteuerung \u00fcber PC\/Tablet\/Laptop usw.<\/li>\n\n\n\n<li>Vorbereitung eine Infoveranstaltung- bzw. eines  Standes im Oberbergischen Kreis<\/li>\n\n\n\n<li><\/li>\n<\/ul>\n","protected":false},"excerpt":{"rendered":"<p>Folgende Projekte sind geplant:<\/p>\n","protected":false},"author":2,"featured_media":0,"parent":0,"menu_order":0,"comment_status":"closed","ping_status":"closed","template":"","meta":{"footnotes":""},"class_list":["post-294","page","type-page","status-publish","hentry"],"_links":{"self":[{"href":"https:\/\/www.gulug.de\/index.php?rest_route=\/wp\/v2\/pages\/294","targetHints":{"allow":["GET"]}}],"collection":[{"href":"https:\/\/www.gulug.de\/index.php?rest_route=\/wp\/v2\/pages"}],"about":[{"href":"https:\/\/www.gulug.de\/index.php?rest_route=\/wp\/v2\/types\/page"}],"author":[{"embeddable":true,"href":"https:\/\/www.gulug.de\/index.php?rest_route=\/wp\/v2\/users\/2"}],"replies":[{"embeddable":true,"href":"https:\/\/www.gulug.de\/index.php?rest_route=%2Fwp%2Fv2%2Fcomments&post=294"}],"version-history":[{"count":9,"href":"https:\/\/www.gulug.de\/index.php?rest_route=\/wp\/v2\/pages\/294\/revisions"}],"predecessor-version":[{"id":376,"href":"https:\/\/www.gulug.de\/index.php?rest_route=\/wp\/v2\/pages\/294\/revisions\/376"}],"wp:attachment":[{"href":"https:\/\/www.gulug.de\/index.php?rest_route=%2Fwp%2Fv2%2Fmedia&parent=294"}],"curies":[{"name":"wp","href":"https:\/\/api.w.org\/{rel}","templated":true}]}}