{"id":281,"date":"2020-10-07T14:58:49","date_gmt":"2020-10-07T12:58:49","guid":{"rendered":"https:\/\/www.gulug.de\/?page_id=281"},"modified":"2022-04-02T21:32:45","modified_gmt":"2022-04-02T19:32:45","slug":"impressum","status":"publish","type":"page","link":"https:\/\/www.gulug.de\/?page_id=281","title":{"rendered":"Impressum"},"content":{"rendered":"\n<p>Angaben gem\u00e4\u00df \u00a7 5 TMG:<\/p>\n\n\n\n<p>GuLUG &#8211; Gummersbacher Linux User Group<\/p>\n\n\n\n<pre class=\"wp-block-preformatted\">CVJM Bernberg e.V.\nFasanenweg 7\n51647 Gummersbach\n\nVertreten durch:\nMichael Springer\nMelanie Gross\n\nKontakt:\nTel 02261 \/ 607643\nFax 02261 \/ 607644\nE-Mail: info@cvjm-bernberg.de\n\nRegistereintrag:\nEintragung im Vereinsregister\nRegistergericht: Amtsgericht K\u00f6ln\nRegisternummer: VR 601262 UR.Nr. 1257\/2014Y\n\nVerantwortliche f\u00fcr den Inhalt nach \u00a7 55 Abs. 2 RStV\n\nVerantwortlich f\u00fcr den Inhalt nach \u00a7 55 Abs. 2 RStV:\nMichael Springer\nAm Brunsberg 6\n51647 Gummersbach<\/pre>\n\n\n\n<p>Streitschlichtung:<\/p>\n\n\n\n<p>Die Europ\u00e4ische Kommission stellt eine Plattform zur Online-Streitbeilegung (OS) bereit:<br><a href=\"https:\/\/ec.europa.eu\/consumers\/odr\">https:\/\/ec.europa.eu\/consumers\/odr<\/a>.<br>Unsere E-Mail-Adresse finden Sie oben im Impressum.<br>Wir sind nicht bereit oder verpflichtet, an Streitbeilegungsverfahren vor einer Verbraucherschlichtungsstelle teilzunehmen.<\/p>\n\n\n\n<p><br>Haftung f\u00fcr Inhalte:<\/p>\n\n\n\n<p><br>Als Diensteanbieter sind wir gem\u00e4\u00df \u00a7 7 Abs.1 TMG f\u00fcr eigene Inhalte auf diesen Seiten nach den allgemeinen Gesetzen verantwortlich. Nach \u00a7\u00a7 8 bis 10 TMG sind wir als Diensteanbieter jedoch nicht verpflichtet, \u00fcbermittelte oder gespeicherte fremde Informationen zu \u00fcberwachen oder nach Umst\u00e4nden zu forschen, die auf eine rechtswidrige T\u00e4tigkeit hinweisen.<br>Verpflichtungen zur Entfernung oder Sperrung der Nutzung von Informationen nach den allgemeinen Gesetzen bleiben hiervon unber\u00fchrt. Eine diesbez\u00fcgliche Haftung ist jedoch erst ab dem Zeitpunkt der Kenntnis einer konkreten Rechtsverletzung m\u00f6glich. Bei Bekanntwerden von entsprechenden Rechtsverletzungen werden wir diese Inhalte umgehend entfernen.<\/p>\n\n\n\n<p><br>Haftung f\u00fcr Links:<\/p>\n\n\n\n<p><br>Unser Angebot enth\u00e4lt Links zu externen Websites Dritter, auf deren Inhalte wir keinen Einfluss haben. Deshalb k\u00f6nnen wir f\u00fcr diese fremden Inhalte auch keine Gew\u00e4hr \u00fcbernehmen. F\u00fcr die Inhalte der verlinkten Seiten ist stets der jeweilige Anbieter oder Betreiber der Seiten verantwortlich. Die verlinkten Seiten wurden zum Zeitpunkt der Verlinkung auf m\u00f6gliche Rechtsverst\u00f6\u00dfe \u00fcberpr\u00fcft. Rechtswidrige Inhalte waren zum Zeitpunkt der Verlinkung nicht erkennbar.<br>Eine permanente inhaltliche Kontrolle der verlinkten Seiten ist jedoch ohne konkrete Anhaltspunkte einer Rechtsverletzung nicht zumutbar. Bei Bekanntwerden von Rechtsverletzungen werden wir derartige Links umgehend entfernen.<\/p>\n\n\n\n<p><br>Urheberrecht<\/p>\n\n\n\n<p>Die durch die Seitenbetreiber erstellten Inhalte und Werke auf diesen Seiten unterliegen dem deutschen Urheberrecht. Die Vervielf\u00e4ltigung, Bearbeitung, Verbreitung und jede Art der Verwertung au\u00dferhalb der Grenzen des Urheberrechtes bed\u00fcrfen der schriftlichen Zustimmung des jeweiligen Autors bzw.<br>Erstellers. Downloads und Kopien dieser Seite sind nur f\u00fcr den privaten, nicht kommerziellen Gebrauch gestattet.<br>Soweit die Inhalte auf dieser Seite nicht vom Betreiber erstellt wurden, werden die Urheberrechte Dritter beachtet. Insbesondere werden Inhalte Dritter als solche gekennzeichnet. Sollten Sie trotzdem auf eine Urheberrechtsverletzung aufmerksam werden, bitten wir um einen entsprechenden Hinweis. Bei Bekanntwerden von Rechtsverletzungen werden wir derartige Inhalte umgehend entfernen.<\/p>\n\n\n\n<p><strong>Technische Konzeption und Realisierung<\/strong><\/p>\n\n\n\n<p><strong>Grafische Konzeption und Umsetzung<\/strong><\/p>\n\n\n\n<pre class=\"wp-block-preformatted\">Headerfoto: by <a href=\"https:\/\/unsplash.com\/@lazycreekimages?utm_source=unsplash&amp;utm_medium=referral&amp;utm_content=creditCopyText\">Michael Dziedzic<\/a> on <a href=\"https:\/\/unsplash.com\/s\/photos\/linux?utm_source=unsplash&amp;utm_medium=referral&amp;utm_content=creditCopyText\">Unsplash<\/a><\/pre>\n","protected":false},"excerpt":{"rendered":"<p>Angaben gem\u00e4\u00df \u00a7 5 TMG: GuLUG &#8211; Gummersbacher Linux User Group CVJM Bernberg e.V. Fasanenweg 7 51647 Gummersbach Vertreten durch: Michael Springer Melanie Gross Kontakt: Tel 02261 \/ 607643 Fax 02261 \/ 607644 E-Mail: info@cvjm-bernberg.de Registereintrag: Eintragung im Vereinsregister Registergericht: Amtsgericht K\u00f6ln Registernummer: VR 601262 UR.Nr. 1257\/2014Y Verantwortliche f\u00fcr den Inhalt nach \u00a7 55 Abs. &hellip; <\/p>\n<p class=\"link-more\"><a href=\"https:\/\/www.gulug.de\/?page_id=281\" class=\"more-link\"><span class=\"screen-reader-text\">\u201eImpressum\u201c <\/span>weiterlesen<\/a><\/p>\n","protected":false},"author":2,"featured_media":0,"parent":0,"menu_order":0,"comment_status":"closed","ping_status":"closed","template":"","meta":{"footnotes":""},"class_list":["post-281","page","type-page","status-publish","hentry"],"_links":{"self":[{"href":"https:\/\/www.gulug.de\/index.php?rest_route=\/wp\/v2\/pages\/281","targetHints":{"allow":["GET"]}}],"collection":[{"href":"https:\/\/www.gulug.de\/index.php?rest_route=\/wp\/v2\/pages"}],"about":[{"href":"https:\/\/www.gulug.de\/index.php?rest_route=\/wp\/v2\/types\/page"}],"author":[{"embeddable":true,"href":"https:\/\/www.gulug.de\/index.php?rest_route=\/wp\/v2\/users\/2"}],"replies":[{"embeddable":true,"href":"https:\/\/www.gulug.de\/index.php?rest_route=%2Fwp%2Fv2%2Fcomments&post=281"}],"version-history":[{"count":5,"href":"https:\/\/www.gulug.de\/index.php?rest_route=\/wp\/v2\/pages\/281\/revisions"}],"predecessor-version":[{"id":359,"href":"https:\/\/www.gulug.de\/index.php?rest_route=\/wp\/v2\/pages\/281\/revisions\/359"}],"wp:attachment":[{"href":"https:\/\/www.gulug.de\/index.php?rest_route=%2Fwp%2Fv2%2Fmedia&parent=281"}],"curies":[{"name":"wp","href":"https:\/\/api.w.org\/{rel}","templated":true}]}}