{"id":257,"date":"2020-10-07T12:12:27","date_gmt":"2020-10-07T10:12:27","guid":{"rendered":"https:\/\/www.gulug.de\/?page_id=257"},"modified":"2021-03-26T22:21:29","modified_gmt":"2021-03-26T20:21:29","slug":"kontakt","status":"publish","type":"page","link":"https:\/\/www.gulug.de\/?page_id=257","title":{"rendered":"Kontakt"},"content":{"rendered":"\n<p>Wir w\u00fcrden uns freuen Dich in unserer Mailiningliste zu finden. Wenn Du in die Liste kommst w\u00fcrden wir gerne pers\u00f6nlich wissen wer du so bist und was du machst&#8230;.. besonders mit Linux!<\/p>\n\n\n\n<p><a href=\"https:\/\/mailman.gulug.de\/listinfo\/gulug\" data-type=\"URL\" data-id=\"https:\/\/mailman.gulug.de\/listinfo\/gulug\">Maillingliste bitte hier klicken!<\/a><\/p>\n","protected":false},"excerpt":{"rendered":"<p>Wir w\u00fcrden uns freuen Dich in unserer Mailiningliste zu finden. Wenn Du in die Liste kommst w\u00fcrden wir gerne pers\u00f6nlich wissen wer du so bist und was du machst&#8230;.. besonders mit Linux! Maillingliste bitte hier klicken!<\/p>\n","protected":false},"author":2,"featured_media":278,"parent":0,"menu_order":0,"comment_status":"closed","ping_status":"closed","template":"","meta":{"footnotes":""},"class_list":["post-257","page","type-page","status-publish","has-post-thumbnail","hentry"],"_links":{"self":[{"href":"https:\/\/www.gulug.de\/index.php?rest_route=\/wp\/v2\/pages\/257","targetHints":{"allow":["GET"]}}],"collection":[{"href":"https:\/\/www.gulug.de\/index.php?rest_route=\/wp\/v2\/pages"}],"about":[{"href":"https:\/\/www.gulug.de\/index.php?rest_route=\/wp\/v2\/types\/page"}],"author":[{"embeddable":true,"href":"https:\/\/www.gulug.de\/index.php?rest_route=\/wp\/v2\/users\/2"}],"replies":[{"embeddable":true,"href":"https:\/\/www.gulug.de\/index.php?rest_route=%2Fwp%2Fv2%2Fcomments&post=257"}],"version-history":[{"count":3,"href":"https:\/\/www.gulug.de\/index.php?rest_route=\/wp\/v2\/pages\/257\/revisions"}],"predecessor-version":[{"id":345,"href":"https:\/\/www.gulug.de\/index.php?rest_route=\/wp\/v2\/pages\/257\/revisions\/345"}],"wp:featuredmedia":[{"embeddable":true,"href":"https:\/\/www.gulug.de\/index.php?rest_route=\/wp\/v2\/media\/278"}],"wp:attachment":[{"href":"https:\/\/www.gulug.de\/index.php?rest_route=%2Fwp%2Fv2%2Fmedia&parent=257"}],"curies":[{"name":"wp","href":"https:\/\/api.w.org\/{rel}","templated":true}]}}