{"id":256,"date":"2020-10-07T12:12:27","date_gmt":"2020-10-07T10:12:27","guid":{"rendered":"https:\/\/www.gulug.de\/?page_id=256"},"modified":"2020-10-11T11:51:40","modified_gmt":"2020-10-11T09:51:40","slug":"ueber-uns","status":"publish","type":"page","link":"https:\/\/www.gulug.de\/?page_id=256","title":{"rendered":"\u00dcber uns"},"content":{"rendered":"\n<p>Die Linux User Group in Gummersbach ist im Jahre 1998 gegr\u00fcndet. Keimzelle ist ein Treffen im November des gleichen Jahres in Gummersbach- H\u00fclsenbusch. Der dortige CVJM hatte eine kleine Computergruppe die sich um viele Dinge gek\u00fcmmert hat. Der damalige Jugendmitarbeiter Hermann Micket und Michael Springer \u00fcberlegten an neuen Ideen der Jugendarbeit.<\/p>\n\n\n\n<p>Es w\u00fcrde viel ausprobiert und schlie\u00dflich blieb Michael Springer federf\u00fchrend in der Linux-Arbeit \u00fcbrig, da man viele Dinge damit erledigen kann und konnte.<\/p>\n\n\n\n<p>Durch einen guten Freund aus der LUG Brandenburg (Manfred Klim) wurde ein Termin f\u00fcr ein gro\u00dfes Treffen gestartet. Nach Erinnerungen erschienen aus dem Oberbergischen Land etwa 20 Personen. Der Schritt zu einem regelm\u00e4\u00dfigen Treffen war gemacht.  Hieraus ergeben sich nun schon 20 Jahre in der sich das Gesicht der Gruppe immer zusammen setzte.<\/p>\n\n\n\n<p>Durch eine Neustrukturierung der CVJM-Arbeit und den Umzug nach Gummersbach-Bernberg in den CVJM Bernberg ist ein Wandel in der LUG normal. Nach gut 1 1\/2 Jahren des Online-Dasein, wollen wir zu Beginn des Jahres 2021 wieder an einen festen Ort uns treffen.<\/p>\n\n\n\n<p>Wir informieren weiter&#8230;&#8230;. <\/p>\n","protected":false},"excerpt":{"rendered":"<p>Die Linux User Group in Gummersbach ist im Jahre 1998 gegr\u00fcndet. Keimzelle ist ein Treffen im November des gleichen Jahres in Gummersbach- H\u00fclsenbusch. Der dortige CVJM hatte eine kleine Computergruppe die sich um viele Dinge gek\u00fcmmert hat. Der damalige Jugendmitarbeiter Hermann Micket und Michael Springer \u00fcberlegten an neuen Ideen der Jugendarbeit. Es w\u00fcrde viel ausprobiert &hellip; <\/p>\n<p class=\"link-more\"><a href=\"https:\/\/www.gulug.de\/?page_id=256\" class=\"more-link\"><span class=\"screen-reader-text\">\u201e\u00dcber uns\u201c <\/span>weiterlesen<\/a><\/p>\n","protected":false},"author":2,"featured_media":0,"parent":0,"menu_order":0,"comment_status":"closed","ping_status":"closed","template":"","meta":{"footnotes":""},"class_list":["post-256","page","type-page","status-publish","hentry"],"_links":{"self":[{"href":"https:\/\/www.gulug.de\/index.php?rest_route=\/wp\/v2\/pages\/256","targetHints":{"allow":["GET"]}}],"collection":[{"href":"https:\/\/www.gulug.de\/index.php?rest_route=\/wp\/v2\/pages"}],"about":[{"href":"https:\/\/www.gulug.de\/index.php?rest_route=\/wp\/v2\/types\/page"}],"author":[{"embeddable":true,"href":"https:\/\/www.gulug.de\/index.php?rest_route=\/wp\/v2\/users\/2"}],"replies":[{"embeddable":true,"href":"https:\/\/www.gulug.de\/index.php?rest_route=%2Fwp%2Fv2%2Fcomments&post=256"}],"version-history":[{"count":4,"href":"https:\/\/www.gulug.de\/index.php?rest_route=\/wp\/v2\/pages\/256\/revisions"}],"predecessor-version":[{"id":320,"href":"https:\/\/www.gulug.de\/index.php?rest_route=\/wp\/v2\/pages\/256\/revisions\/320"}],"wp:attachment":[{"href":"https:\/\/www.gulug.de\/index.php?rest_route=%2Fwp%2Fv2%2Fmedia&parent=256"}],"curies":[{"name":"wp","href":"https:\/\/api.w.org\/{rel}","templated":true}]}}