{"id":255,"date":"2022-11-06T22:58:02","date_gmt":"2022-11-06T20:58:02","guid":{"rendered":"https:\/\/www.gulug.de\/?page_id=255"},"modified":"2022-11-06T22:58:11","modified_gmt":"2022-11-06T20:58:11","slug":"startseite","status":"publish","type":"page","link":"https:\/\/www.gulug.de\/","title":{"rendered":"Startseite"},"content":{"rendered":"\n<p>Willkommen auf der GuLUG-Website! Wir arbeiten daran umfassend \u00fcber Linux usw. zu berichten!<\/p>\n\n\n<div class=\"wp-block-image\">\n<figure class=\"aligncenter size-large is-resized\"><img loading=\"lazy\" decoding=\"async\" src=\"https:\/\/www.gulug.de\/wp-content\/uploads\/2020\/10\/gmtux1-2-724x1024.png\" alt=\"\" class=\"wp-image-277\" width=\"101\" height=\"143\"\/><\/figure>\n<\/div>\n\n\n<p>Die GULUG ist ein Treffen aller Interessierten an freier Software. Wir haben uns als Ziel gesetzt, Menschen zu zeigen, dass es neben Windows auch etwas anderes gibt. Glaube und PC m\u00fcssen nicht immer Feinde sein. Aufgaben und Themengebiete bei uns sind neben Linux-Grundlagen Bildbearbeitung, Netzwerke, Videoempfang usw.<\/p>\n\n\n\n<p>Besucher, G\u00e4ste usw. sind immer sehr willkommen. Im Anfang des Jahres 2023 werden regelm\u00e4\u00dfige Treffen organisiert und die LUG arbeitet an einem neuen Zuhause. Dazu sp\u00e4ter mehr&#8230;&#8230;.<\/p>\n","protected":false},"excerpt":{"rendered":"<p>Willkommen auf der GuLUG-Website! Wir arbeiten daran umfassend \u00fcber Linux usw. zu berichten! Die GULUG ist ein Treffen aller Interessierten an freier Software. Wir haben uns als Ziel gesetzt, Menschen zu zeigen, dass es neben Windows auch etwas anderes gibt. Glaube und PC m\u00fcssen nicht immer Feinde sein. Aufgaben und Themengebiete bei uns sind neben &hellip; <\/p>\n<p class=\"link-more\"><a href=\"https:\/\/www.gulug.de\/\" class=\"more-link\"><span class=\"screen-reader-text\">\u201eStartseite\u201c <\/span>weiterlesen<\/a><\/p>\n","protected":false},"author":2,"featured_media":0,"parent":0,"menu_order":0,"comment_status":"closed","ping_status":"closed","template":"","meta":{"footnotes":""},"class_list":["post-255","page","type-page","status-publish","hentry"],"_links":{"self":[{"href":"https:\/\/www.gulug.de\/index.php?rest_route=\/wp\/v2\/pages\/255","targetHints":{"allow":["GET"]}}],"collection":[{"href":"https:\/\/www.gulug.de\/index.php?rest_route=\/wp\/v2\/pages"}],"about":[{"href":"https:\/\/www.gulug.de\/index.php?rest_route=\/wp\/v2\/types\/page"}],"author":[{"embeddable":true,"href":"https:\/\/www.gulug.de\/index.php?rest_route=\/wp\/v2\/users\/2"}],"replies":[{"embeddable":true,"href":"https:\/\/www.gulug.de\/index.php?rest_route=%2Fwp%2Fv2%2Fcomments&post=255"}],"version-history":[{"count":4,"href":"https:\/\/www.gulug.de\/index.php?rest_route=\/wp\/v2\/pages\/255\/revisions"}],"predecessor-version":[{"id":368,"href":"https:\/\/www.gulug.de\/index.php?rest_route=\/wp\/v2\/pages\/255\/revisions\/368"}],"wp:attachment":[{"href":"https:\/\/www.gulug.de\/index.php?rest_route=%2Fwp%2Fv2%2Fmedia&parent=255"}],"curies":[{"name":"wp","href":"https:\/\/api.w.org\/{rel}","templated":true}]}}